{"id":11673,"date":"2024-12-05T07:29:11","date_gmt":"2024-12-05T07:29:11","guid":{"rendered":"https:\/\/icelandseafood.com\/terminos-y-condiciones\/"},"modified":"2025-12-01T15:16:17","modified_gmt":"2025-12-01T15:16:17","slug":"terminos-condiciones","status":"publish","type":"page","link":"https:\/\/icelandseafood.com\/es\/terminos-condiciones\/","title":{"rendered":"T\u00e9rminos y Condiciones"},"content":{"rendered":"\t\t<div data-elementor-type=\"wp-page\" data-elementor-id=\"11673\" class=\"elementor elementor-11673 elementor-5365\" data-elementor-post-type=\"page\">\n\t\t\t\t<div class=\"elementor-element elementor-element-3e896f8 thegem-e-con-layout-thegem e-flex e-con-boxed e-con e-parent\" data-id=\"3e896f8\" data-element_type=\"container\" data-e-type=\"container\" data-settings=\"{&quot;background_background&quot;:&quot;classic&quot;,&quot;thegem_container_layout&quot;:&quot;thegem&quot;}\">\r\n\t\t\t\t\t<div class=\"e-con-inner\">\r\n\t\t<div class=\"elementor-element elementor-element-ccbb68d thegem-e-con-layout-thegem header-home e-con-full e-flex e-con e-child\" data-id=\"ccbb68d\" data-element_type=\"container\" data-e-type=\"container\" data-settings=\"{&quot;thegem_container_layout&quot;:&quot;thegem&quot;}\">\r\n\t\t<div class=\"elementor-element elementor-element-40b04cb e-con-full animated-fast thegem-e-con-layout-elementor e-flex elementor-invisible e-con e-child\" data-id=\"40b04cb\" data-element_type=\"container\" data-e-type=\"container\" data-settings=\"{&quot;animation&quot;:&quot;fadeInLeft&quot;,&quot;thegem_container_layout&quot;:&quot;elementor&quot;}\">\r\n\t\t\t\t<div class=\"elementor-element elementor-element-8409621 flex-horizontal-align-default flex-horizontal-align-tablet-default flex-horizontal-align-mobile-default flex-vertical-align-default flex-vertical-align-tablet-default flex-vertical-align-mobile-default elementor-widget elementor-widget-heading\" data-id=\"8409621\" data-element_type=\"widget\" data-e-type=\"widget\" data-widget_type=\"heading.default\">\n\t\t\t\t<div class=\"elementor-widget-container\">\n\t\t\t\t\t<h1 class=\"elementor-heading-title elementor-size-default\">T\u00e9rminos y Condiciones<\/h1>\t\t\t\t<\/div>\n\t\t\t\t<\/div>\n\t\t\t\t<\/div>\n\t\t\t\t<\/div>\n\t\t\t\t\t<\/div>\n\t\t\t\t<\/div>\n\t\t<div class=\"elementor-element elementor-element-5e6ffc2 animated-slow thegem-e-con-layout-thegem slider-news e-flex e-con-boxed e-con e-parent\" data-id=\"5e6ffc2\" data-element_type=\"container\" data-e-type=\"container\" data-settings=\"{&quot;animation&quot;:&quot;none&quot;,&quot;thegem_container_layout&quot;:&quot;thegem&quot;,&quot;background_background&quot;:&quot;classic&quot;}\" data-color=\"#ffffff\">\r\n\t\t\t\t\t<div class=\"e-con-inner\">\r\n\t\t\t\t<div class=\"elementor-element elementor-element-76d2db8 flex-horizontal-align-default flex-horizontal-align-tablet-default flex-horizontal-align-mobile-default flex-vertical-align-default flex-vertical-align-tablet-default flex-vertical-align-mobile-default elementor-widget elementor-widget-text-editor\" data-id=\"76d2db8\" data-element_type=\"widget\" data-e-type=\"widget\" data-widget_type=\"text-editor.default\">\n\t\t\t\t<div class=\"elementor-widget-container\">\n\t\t\t\t\t\t\t\t\t\t\t\t<div class=\"elementor-text-editor elementor-clearfix\">\r\n\t\t\t\t\t\t<div><b>Introducci\u00f3n<\/b><br \/>Bienvenido al sitio web <a id=\"OWA87679702-4bfc-4ae3-e5a1-f7e951258414\" class=\"OWAAutoLink\" href=\"http:\/\/www.icelandseafood.com\" target=\"_new\" rel=\"noopener\" data-mce-href=\"http:\/\/www.icelandseafood.com\"> www.icelandseafood.com<\/a>&nbsp;(en adelante referido como el \u201cSitio\u201d). Este sitio es operado por Iceland Seafood International (en adelante referido como \u201cla Empresa\u201d), con sede en Islandia. Su finalidad es proporcionar informaci\u00f3n y servicios relacionados con sus operaciones globales y subsidiarias en Francia, Alemania, Irlanda, Espa\u00f1a, Islandia y Argentina.<\/div>\n<p><\/p>\n<div>Al acceder o utilizar este Sitio, usted acepta estar sujeto a estos T\u00e9rminos y Condiciones (en adelante referidos como \u201clos T\u00e9rminos\u201d). Si no est\u00e1 de acuerdo con estos T\u00e9rminos, por favor abst\u00e9ngase de utilizar el Sitio.<\/div>\n\t\t\t\t\t\t\t<\/div>\r\n\t\t\t\t\t\t\t\t\t\t<\/div>\n\t\t\t\t<\/div>\n\t\t<div class=\"elementor-element elementor-element-8d7e633 e-con-full thegem-e-con-layout-elementor e-flex e-con e-child\" data-id=\"8d7e633\" data-element_type=\"container\" data-e-type=\"container\" data-settings=\"{&quot;thegem_container_layout&quot;:&quot;elementor&quot;}\">\r\n\t\t\t\t<div class=\"elementor-element elementor-element-5a62d42 flex-horizontal-align-default flex-horizontal-align-tablet-default flex-horizontal-align-mobile-default flex-vertical-align-default flex-vertical-align-tablet-default flex-vertical-align-mobile-default elementor-invisible elementor-widget elementor-widget-premium-addon-button\" data-id=\"5a62d42\" data-element_type=\"widget\" data-e-type=\"widget\" data-settings=\"{&quot;_animation&quot;:&quot;fadeInUp&quot;}\" data-widget_type=\"premium-addon-button.default\">\n\t\t\t\t<div class=\"elementor-widget-container\">\n\t\t\t\t\t\n\n\t\t<a class=\"premium-button premium-button-style5 premium-btn-md premium-button-style5-rectout\" href=\"https:\/\/icelandseafood.com\/wp-content\/uploads\/2025\/12\/Datenschutzerklarung-ISG-2025-28112025.pdf\" target=\"_blank\">\n\t\t\t<div class=\"premium-button-text-icon-wrapper\">\n\t\t\t\t\n\t\t\t\t\t\t\t\t\t<span >\n\t\t\t\t\t\tDescargar el Aviso de Privacidad para Alemania\t\t\t\t\t<\/span>\n\t\t\t\t\t\t\t<\/div>\n\n\t\t\t\n\t\t\t\n\t\t\t\n\t\t<\/a>\n\n\n\t\t\t\t\t\t<\/div>\n\t\t\t\t<\/div>\n\t\t\t\t<div class=\"elementor-element elementor-element-abe0ea6 flex-horizontal-align-default flex-horizontal-align-tablet-default flex-horizontal-align-mobile-default flex-vertical-align-default flex-vertical-align-tablet-default flex-vertical-align-mobile-default elementor-invisible elementor-widget elementor-widget-premium-addon-button\" data-id=\"abe0ea6\" data-element_type=\"widget\" data-e-type=\"widget\" data-settings=\"{&quot;_animation&quot;:&quot;fadeInUp&quot;}\" data-widget_type=\"premium-addon-button.default\">\n\t\t\t\t<div class=\"elementor-widget-container\">\n\t\t\t\t\t\n\n\t\t<a class=\"premium-button premium-button-style5 premium-btn-md premium-button-style5-rectout\" href=\"https:\/\/icelandseafood.com\/wp-content\/uploads\/2025\/11\/Allgemeine_Geschaftsbedingungen.pdf\" target=\"_blank\">\n\t\t\t<div class=\"premium-button-text-icon-wrapper\">\n\t\t\t\t\n\t\t\t\t\t\t\t\t\t<span >\n\t\t\t\t\t\tT\u00e9rminos y Condiciones Generales de Venta en Alemania\t\t\t\t\t<\/span>\n\t\t\t\t\t\t\t<\/div>\n\n\t\t\t\n\t\t\t\n\t\t\t\n\t\t<\/a>\n\n\n\t\t\t\t\t\t<\/div>\n\t\t\t\t<\/div>\n\t\t\t\t<\/div>\n\t\t\t\t<div class=\"elementor-element elementor-element-874c800 flex-horizontal-align-default flex-horizontal-align-tablet-default flex-horizontal-align-mobile-default flex-vertical-align-default flex-vertical-align-tablet-default flex-vertical-align-mobile-default elementor-widget elementor-widget-text-editor\" data-id=\"874c800\" data-element_type=\"widget\" data-e-type=\"widget\" data-widget_type=\"text-editor.default\">\n\t\t\t\t<div class=\"elementor-widget-container\">\n\t\t\t\t\t\t\t\t\t\t\t\t<div class=\"elementor-text-editor elementor-clearfix\">\r\n\t\t\t\t\t\t<div><\/div>\n<p><\/p>\n<div><b>Uso del Sitio<\/b><br \/><b>Prop\u00f3sito del Sitio:<\/b><br \/>Este Sitio est\u00e1 dise\u00f1ado para proporcionar informaci\u00f3n sobre los productos y servicios de Iceland Seafood International y facilitar la comunicaci\u00f3n entre la Empresa, sus clientes, proveedores y otras partes interesadas.<\/div>\n<p>&nbsp;<\/p>\n<div><b>Restricciones de Uso:<\/b><br \/>Usted acepta no utilizar el Sitio para:<\/div>\n<p>&nbsp;<\/p>\n<ul>\n<li>Participar en actividades ilegales o violar las leyes de su jurisdicci\u00f3n o las de Islandia.<\/li>\n<li>Distribuir contenido malicioso, como virus o malware.<\/li>\n<li>Publicar o transmitir contenido difamatorio, ofensivo o inapropiado.<\/li>\n<li>Infringir derechos de propiedad intelectual u otros derechos de terceros.<\/li>\n<\/ul>\n<p>&nbsp;<\/p>\n<div><b>Propiedad Intelectual<\/b><br \/>Todo el contenido del Sitio, incluidos textos, im\u00e1genes, gr\u00e1ficos, logotipos, iconos, dise\u00f1os, software y cualquier otro material (en adelante referido como \u201cel Contenido\u201d), es propiedad de Iceland Seafood International o de sus licenciantes y est\u00e1 protegido por las leyes de derechos de autor y otras regulaciones de propiedad intelectual aplicables.<\/div>\n<p>&nbsp;<\/p>\n<div>Est\u00e1 prohibida la reproducci\u00f3n, modificaci\u00f3n, distribuci\u00f3n, exhibici\u00f3n o explotaci\u00f3n del Contenido de cualquier manera sin el consentimiento previo por escrito de la Empresa.<\/div>\n<p>&nbsp;<\/p>\n<div><b>Exenci\u00f3n de Responsabilidad<\/b><br \/><b>Exactitud de la Informaci\u00f3n:<\/b><br \/>Si bien la Empresa se esfuerza por garantizar que la informaci\u00f3n proporcionada en el Sitio sea precisa y est\u00e9 actualizada, no garantiza la exactitud, integridad o actualidad del Contenido. La informaci\u00f3n est\u00e1 sujeta a cambios sin previo aviso.<\/div>\n<p>&nbsp;<\/p>\n<div><b>Limitaci\u00f3n de Responsabilidad:<\/b><br \/>En la m\u00e1xima medida permitida por la ley, Iceland Seafood International no ser\u00e1 responsable de ning\u00fan da\u00f1o directo, indirecto, incidental, especial o consecuente derivado del uso o la imposibilidad de uso del Sitio.<\/div>\n<p>&nbsp;<\/p>\n<div><b>Enlaces a Terceros<\/b><br \/>El Sitio puede contener enlaces a sitios web de terceros. Estos enlaces se proporcionan \u00fanicamente para su conveniencia y no implican respaldo o aprobaci\u00f3n por parte de la Empresa. Iceland Seafood International no es responsable del contenido o las pr\u00e1cticas de privacidad de dichos sitios web externos.<\/div>\n<p>&nbsp;<\/p>\n<div><b>Privacidad y Protecci\u00f3n de Datos<\/b><br \/>El uso de este Sitio est\u00e1 sujeto a nuestra Pol\u00edtica de Privacidad. Al utilizar el Sitio, usted consiente el procesamiento de sus datos personales de acuerdo con dicha pol\u00edtica.<\/div>\n<p>&nbsp;<\/p>\n<div><b>Ley Aplicable y Jurisdicci\u00f3n<\/b><br \/>Dado que Iceland Seafood International opera en m\u00faltiples jurisdicciones, la ley aplicable y la jurisdicci\u00f3n pueden variar dependiendo de su ubicaci\u00f3n al acceder al Sitio.<\/div>\n<p>&nbsp;<\/p>\n<div>En caso de conflicto entre las leyes de diferentes jurisdicciones, prevalecer\u00e1n las disposiciones legales obligatorias aplicables al usuario.<\/div>\n<p>&nbsp;<\/p>\n<div><b>Modificaciones de los T\u00e9rminos<\/b><br \/>La Empresa se reserva el derecho de modificar estos T\u00e9rminos en cualquier momento. Los cambios entrar\u00e1n en vigor una vez publicados en el Sitio. Se recomienda a los usuarios revisar peri\u00f3dicamente los T\u00e9rminos para mantenerse informados sobre cualquier actualizaci\u00f3n.<\/div>\n<p>&nbsp;<\/p>\n<div><b>Contacto<\/b><br \/>Para consultas relacionadas con estos T\u00e9rminos, puede contactarnos por correo electr\u00f3nico a info@icelandseafood.com.<\/div>\n<p>&nbsp;<\/p>\n<div><b>Fecha de \u00faltima actualizaci\u00f3n:<\/b>&nbsp;01\/01\/2025<\/div>\n\t\t\t\t\t\t\t<\/div>\r\n\t\t\t\t\t\t\t\t\t\t<\/div>\n\t\t\t\t<\/div>\n\t\t\t\t\t<\/div>\n\t\t\t\t<\/div>\n\t\t\t\t<\/div>\n\t\t","protected":false},"excerpt":{"rendered":"<p>T\u00e9rminos y Condiciones Introducci\u00f3nBienvenido al sitio web www.icelandseafood.com&nbsp;(en adelante referido como el \u201cSitio\u201d). Este sitio es operado por Iceland Seafood&#8230;<\/p>\n","protected":false},"author":2,"featured_media":0,"parent":0,"menu_order":0,"comment_status":"closed","ping_status":"closed","template":"page-fullwidth.php","meta":{"_acf_changed":false,"footnotes":""},"class_list":["post-11673","page","type-page","status-publish"],"acf":[],"_links":{"self":[{"href":"https:\/\/icelandseafood.com\/es\/wp-json\/wp\/v2\/pages\/11673","targetHints":{"allow":["GET"]}}],"collection":[{"href":"https:\/\/icelandseafood.com\/es\/wp-json\/wp\/v2\/pages"}],"about":[{"href":"https:\/\/icelandseafood.com\/es\/wp-json\/wp\/v2\/types\/page"}],"author":[{"embeddable":true,"href":"https:\/\/icelandseafood.com\/es\/wp-json\/wp\/v2\/users\/2"}],"replies":[{"embeddable":true,"href":"https:\/\/icelandseafood.com\/es\/wp-json\/wp\/v2\/comments?post=11673"}],"version-history":[{"count":11,"href":"https:\/\/icelandseafood.com\/es\/wp-json\/wp\/v2\/pages\/11673\/revisions"}],"predecessor-version":[{"id":17321,"href":"https:\/\/icelandseafood.com\/es\/wp-json\/wp\/v2\/pages\/11673\/revisions\/17321"}],"wp:attachment":[{"href":"https:\/\/icelandseafood.com\/es\/wp-json\/wp\/v2\/media?parent=11673"}],"curies":[{"name":"wp","href":"https:\/\/api.w.org\/{rel}","templated":true}]}}