{"id":16349,"date":"2024-12-12T07:45:07","date_gmt":"2024-12-12T07:45:07","guid":{"rendered":"https:\/\/icelandseafood.com\/cookie-richtlinie\/"},"modified":"2025-12-05T06:21:27","modified_gmt":"2025-12-05T06:21:27","slug":"cookie-richtlinie","status":"publish","type":"page","link":"https:\/\/icelandseafood.com\/de\/cookie-richtlinie\/","title":{"rendered":"Cookie-Richtlinie"},"content":{"rendered":"\t\t<div data-elementor-type=\"wp-page\" data-elementor-id=\"16349\" class=\"elementor elementor-16349 elementor-6416\" data-elementor-post-type=\"page\">\n\t\t\t\t<div class=\"elementor-element elementor-element-3e896f8 thegem-e-con-layout-thegem e-flex e-con-boxed e-con e-parent\" data-id=\"3e896f8\" data-element_type=\"container\" data-e-type=\"container\" data-settings=\"{&quot;background_background&quot;:&quot;classic&quot;,&quot;thegem_container_layout&quot;:&quot;thegem&quot;}\">\r\n\t\t\t\t\t<div class=\"e-con-inner\">\r\n\t\t<div class=\"elementor-element elementor-element-ccbb68d thegem-e-con-layout-thegem header-home e-con-full e-flex e-con e-child\" data-id=\"ccbb68d\" data-element_type=\"container\" data-e-type=\"container\" data-settings=\"{&quot;thegem_container_layout&quot;:&quot;thegem&quot;}\">\r\n\t\t<div class=\"elementor-element elementor-element-40b04cb e-con-full animated-fast thegem-e-con-layout-elementor e-flex elementor-invisible e-con e-child\" data-id=\"40b04cb\" data-element_type=\"container\" data-e-type=\"container\" data-settings=\"{&quot;animation&quot;:&quot;fadeInLeft&quot;,&quot;thegem_container_layout&quot;:&quot;elementor&quot;}\">\r\n\t\t\t\t<div class=\"elementor-element elementor-element-8409621 flex-horizontal-align-default flex-horizontal-align-tablet-default flex-horizontal-align-mobile-default flex-vertical-align-default flex-vertical-align-tablet-default flex-vertical-align-mobile-default elementor-widget elementor-widget-heading\" data-id=\"8409621\" data-element_type=\"widget\" data-e-type=\"widget\" data-widget_type=\"heading.default\">\n\t\t\t\t<div class=\"elementor-widget-container\">\n\t\t\t\t\t<h1 class=\"elementor-heading-title elementor-size-default\">Cookie-Richtlinie<\/h1>\t\t\t\t<\/div>\n\t\t\t\t<\/div>\n\t\t\t\t<\/div>\n\t\t\t\t<\/div>\n\t\t\t\t\t<\/div>\n\t\t\t\t<\/div>\n\t\t<div class=\"elementor-element elementor-element-5e6ffc2 animated-slow thegem-e-con-layout-thegem slider-news e-flex e-con-boxed e-con e-parent\" data-id=\"5e6ffc2\" data-element_type=\"container\" data-e-type=\"container\" data-settings=\"{&quot;animation&quot;:&quot;none&quot;,&quot;thegem_container_layout&quot;:&quot;thegem&quot;,&quot;background_background&quot;:&quot;classic&quot;}\" data-color=\"#ffffff\">\r\n\t\t\t\t\t<div class=\"e-con-inner\">\r\n\t\t<div class=\"elementor-element elementor-element-07e30a9 e-con-full thegem-e-con-layout-elementor e-flex e-con e-child\" data-id=\"07e30a9\" data-element_type=\"container\" data-e-type=\"container\" data-settings=\"{&quot;thegem_container_layout&quot;:&quot;elementor&quot;}\">\r\n\t\t\t\t<div class=\"elementor-element elementor-element-78a4b5c flex-horizontal-align-default flex-horizontal-align-tablet-default flex-horizontal-align-mobile-default flex-vertical-align-default flex-vertical-align-tablet-default flex-vertical-align-mobile-default elementor-invisible elementor-widget elementor-widget-premium-addon-button\" data-id=\"78a4b5c\" data-element_type=\"widget\" data-e-type=\"widget\" data-settings=\"{&quot;_animation&quot;:&quot;fadeInUp&quot;}\" data-widget_type=\"premium-addon-button.default\">\n\t\t\t\t<div class=\"elementor-widget-container\">\n\t\t\t\t\t\n\n\t\t<a class=\"premium-button premium-button-style5 premium-btn-md premium-button-style5-rectout\" href=\"https:\/\/icelandseafood.com\/wp-content\/uploads\/2025\/12\/Datenschutzerklarung-ISG-2025-28112025.pdf\" target=\"_blank\">\n\t\t\t<div class=\"premium-button-text-icon-wrapper\">\n\t\t\t\t\n\t\t\t\t\t\t\t\t\t<span >\n\t\t\t\t\t\tDatenschutzerkl\u00e4rung\t\t\t\t\t<\/span>\n\t\t\t\t\t\t\t<\/div>\n\n\t\t\t\n\t\t\t\n\t\t\t\n\t\t<\/a>\n\n\n\t\t\t\t\t\t<\/div>\n\t\t\t\t<\/div>\n\t\t\t\t<\/div>\n\t\t\t\t<div class=\"elementor-element elementor-element-76d2db8 flex-horizontal-align-default flex-horizontal-align-tablet-default flex-horizontal-align-mobile-default flex-vertical-align-default flex-vertical-align-tablet-default flex-vertical-align-mobile-default elementor-widget elementor-widget-text-editor\" data-id=\"76d2db8\" data-element_type=\"widget\" data-e-type=\"widget\" data-widget_type=\"text-editor.default\">\n\t\t\t\t<div class=\"elementor-widget-container\">\n\t\t\t\t\t\t\t\t\t\t\t\t<div class=\"elementor-text-editor elementor-clearfix\">\r\n\t\t\t\t\t\t<h3>Einleitung<\/h3>\n<p>Auf www.icelandseafood.com (im Folgenden als die \u201eWebsite\u201c bezeichnet) respektieren wir Ihre Privatsph\u00e4re und sind bestrebt, Ihr Surferlebnis sicher zu gestalten. Dieser Hinweis zur Cookie-Richtlinie (im Folgenden der \u201eHinweis\u201c) erkl\u00e4rt, wie wir Cookies verwenden, die f\u00fcr den Betrieb der Website erforderlich sind.<\/p>\n<p>Durch den Zugriff auf und die Nutzung dieser Website stimmen Sie der Verwendung der unten beschriebenen unbedingt erforderlichen Cookies zu.<\/p>\n<p>&nbsp;<\/p>\n<h3>Was sind Cookies?<\/h3>\n<p>Wenn Sie eine Website besuchen, werden Cookies als kleine Textdateien auf Ihrem Ger\u00e4t (Computer, Mobiltelefon oder \u00c4hnliches) gespeichert. Diese Cookies erm\u00f6glichen die korrekte Funktion der Website und verbessern Ihr Surferlebnis.<\/p>\n<h3>Arten von Cookies, die wir verwenden<\/h3>\n<p>Auf dieser Website verwenden wir ausschlie\u00dflich Cookies, die unbedingt erforderlich sind, um die Navigation und die grundlegende Funktionsweise der Website sicherzustellen. Diese Cookies erfassen keine personenbezogenen Daten und werden nicht f\u00fcr Marketingzwecke verwendet.<\/p>\n<h4>Unbedingt erforderliche Cookies<\/h4>\n<p>Diese Cookies sind f\u00fcr den ordnungsgem\u00e4\u00dfen Betrieb der Website unerl\u00e4sslich und erm\u00f6glichen Folgendes:<\/p>\n<ul>\n<li>Sicheres Laden von Seiten.<\/li>\n<li>Speichern grundlegender Einstellungen wie Spracheinstellungen.<\/li>\n<\/ul>\n<p>Ohne diese Cookies kann die Website nicht ordnungsgem\u00e4\u00df funktionieren.<\/p>\n<h3>Wir erheben keine personenbezogenen Daten<\/h3>\n<p>Diese Website verwendet keine Formulare und erhebt keine personenbezogenen Daten \u00fcber Cookies oder andere Mittel.<\/p>\n<h3>Cookie-Verwaltung<\/h3>\n<p>Da wir nur unbedingt erforderliche Cookies verwenden, ist f\u00fcr deren Einsatz keine vorherige Zustimmung erforderlich. Sie k\u00f6nnen jedoch Ihre Browsereinstellungen anpassen, um Cookies zu blockieren oder zu l\u00f6schen. Bitte beachten Sie, dass dies die Funktionalit\u00e4t der Website beeintr\u00e4chtigen kann.<\/p>\n<h3>Anleitung zur Cookie-Verwaltung<\/h3>\n<p>Weitere Informationen zur Verwaltung oder Deaktivierung von Cookies in Ihrem Browser finden Sie auf den Support-Seiten Ihres Browseranbieters:<\/p>\n<p><a href=\"https:\/\/support.google.com\/chrome\/answer\/95647?hl=de\">Google Chrome<\/a><\/p>\n<p><a href=\"https:\/\/support.mozilla.org\/de\/kb\/cookies-und-website-daten-in-firefox-loschen\">Mozilla Firefox<\/a><\/p>\n<p><a href=\"https:\/\/support.microsoft.com\/de-de\/windows\/verwalten-von-cookies-in-microsoft-edge-63947406-40ac-c3b8-57b9-2a946a29ae09\">Microsoft Edge<\/a><\/p>\n<p><a href=\"https:\/\/support.apple.com\/de-de\/guide\/safari\/sfri11471\/mac\">Safari<\/a><\/p>\n<h3>\u00c4nderungen dieses Hinweises<\/h3>\n<p>Wir behalten uns das Recht vor, diesen Hinweis jederzeit zu aktualisieren, um \u00c4nderungen unserer Praktiken oder rechtliche Anforderungen zu ber\u00fccksichtigen. Wir empfehlen Ihnen, diesen Hinweis regelm\u00e4\u00dfig zu \u00fcberpr\u00fcfen, um informiert zu bleiben, wie wir Ihre Privatsph\u00e4re sch\u00fctzen.<\/p>\n<p>Letzte Aktualisierung: 01.01.2025<\/p>\n<h3>Kontakt<\/h3>\n<p>Wenn Sie Fragen oder Bedenken zu diesem Hinweis haben, k\u00f6nnen Sie uns per E-Mail unter <a href=\"mailto:info@icelandseafood.com\">info@icelandseafood.com<\/a> kontaktieren.<\/p>\n\t\t\t\t\t\t\t<\/div>\r\n\t\t\t\t\t\t\t\t\t\t<\/div>\n\t\t\t\t<\/div>\n\t\t\t\t\t<\/div>\n\t\t\t\t<\/div>\n\t\t\t\t<\/div>\n\t\t","protected":false},"excerpt":{"rendered":"<p>Cookie-Richtlinie Datenschutzerkl\u00e4rung Einleitung Auf www.icelandseafood.com (im Folgenden als die \u201eWebsite\u201c bezeichnet) respektieren wir Ihre Privatsph\u00e4re und sind bestrebt, Ihr Surferlebnis&#8230;<\/p>\n","protected":false},"author":4,"featured_media":0,"parent":0,"menu_order":0,"comment_status":"closed","ping_status":"closed","template":"page-fullwidth.php","meta":{"_acf_changed":false,"footnotes":""},"class_list":["post-16349","page","type-page","status-publish"],"acf":[],"_links":{"self":[{"href":"https:\/\/icelandseafood.com\/de\/wp-json\/wp\/v2\/pages\/16349","targetHints":{"allow":["GET"]}}],"collection":[{"href":"https:\/\/icelandseafood.com\/de\/wp-json\/wp\/v2\/pages"}],"about":[{"href":"https:\/\/icelandseafood.com\/de\/wp-json\/wp\/v2\/types\/page"}],"author":[{"embeddable":true,"href":"https:\/\/icelandseafood.com\/de\/wp-json\/wp\/v2\/users\/4"}],"replies":[{"embeddable":true,"href":"https:\/\/icelandseafood.com\/de\/wp-json\/wp\/v2\/comments?post=16349"}],"version-history":[{"count":10,"href":"https:\/\/icelandseafood.com\/de\/wp-json\/wp\/v2\/pages\/16349\/revisions"}],"predecessor-version":[{"id":17416,"href":"https:\/\/icelandseafood.com\/de\/wp-json\/wp\/v2\/pages\/16349\/revisions\/17416"}],"wp:attachment":[{"href":"https:\/\/icelandseafood.com\/de\/wp-json\/wp\/v2\/media?parent=16349"}],"curies":[{"name":"wp","href":"https:\/\/api.w.org\/{rel}","templated":true}]}}